{"id":949,"date":"2024-11-22T15:24:44","date_gmt":"2024-11-22T20:24:44","guid":{"rendered":"https:\/\/10percentforall.org\/quienes-somos\/"},"modified":"2025-04-25T15:05:42","modified_gmt":"2025-04-25T19:05:42","slug":"quienes-somos","status":"publish","type":"page","link":"https:\/\/10percentforall.org\/es\/quienes-somos\/","title":{"rendered":"Qui\u00e9nes somos"},"content":{"rendered":"\n<div style=\"height:40px\" aria-hidden=\"true\" class=\"wp-block-spacer\"><\/div>\n\n\n\n<p class=\"wp-block-paragraph\">Somos un colectivo de activistas, defensorxs e investigadorxs dedicadxs a impulsar la desmilitarizaci\u00f3n en todo el mundo. A trav\u00e9s de la campa\u00f1a 10% para Todxs, desafiamos el gasto militar excesivo y exigimos la reasignaci\u00f3n de recursos hacia prioridades sociales, medioambientales y comunitarias que beneficien a todo el mundo. Juntxs, imaginamos un mundo en el que los fondos p\u00fablicos se inviertan en las personas, no en la guerra.<\/p>\n\n\n\n<p class=\"wp-block-paragraph\">Es esencial que el lenguaje desarrollado para esta campa\u00f1a sea inclusivo y permita que el mayor n\u00famero posible de personas participe en ella, preservando al mismo tiempo nuestra integridad y nuestras diferencias. La campa\u00f1a 10% para todxs sirve de plataforma, y los grupos que decidan participar moldear\u00e1n la campa\u00f1a localmente para reflejar sus prioridades e ideolog\u00edas.<\/p>\n\n\n\n<p class=\"wp-block-paragraph\">En \u00faltima instancia, el \u00abqui\u00e9nes somos\u00bb de esta campa\u00f1a depende de ti.<\/p>\n\n\n\n<p class=\"wp-block-paragraph\"><strong>C\u00f3mo empez\u00f3<\/strong><\/p>\n\n\n\n<p class=\"wp-block-paragraph\">La campa\u00f1a 10% para Todxs naci\u00f3 de la creencia compartida en la necesidad de un cambio sist\u00e9mico y de una visi\u00f3n colectiva de un mundo en el que los recursos se asignen para servir a la humanidad, no a la militarizaci\u00f3n. La Rosa Luxemburg Stiftung, con su compromiso de larga data con el desarme y la justicia social, inici\u00f3 esta campa\u00f1a como un esfuerzo de colaboraci\u00f3n. En un esfuerzo conjunto, un grupo diverso de actores de la sociedad civil ha concebido, dado forma y desarrollado colectivamente esta iniciativa.<\/p>\n\n\n\n<p class=\"wp-block-paragraph\"><\/p>\n","protected":false},"excerpt":{"rendered":"<p>Somos un colectivo de activistas, defensorxs e investigadorxs dedicadxs a impulsar la desmilitarizaci\u00f3n en todo el mundo. A trav\u00e9s de la campa\u00f1a 10% para Todxs, desafiamos el gasto militar excesivo y exigimos la reasignaci\u00f3n de recursos hacia prioridades sociales, medioambientales y comunitarias que beneficien a todo el mundo. Juntxs, imaginamos un mundo en el que [&hellip;]<\/p>\n","protected":false},"author":183096425,"featured_media":0,"parent":0,"menu_order":0,"comment_status":"closed","ping_status":"open","template":"","meta":{"_crdt_document":"","advanced_seo_description":"","jetpack_seo_html_title":"","jetpack_seo_noindex":false,"footnotes":""},"resource-category":[],"class_list":["post-949","page","type-page","status-publish","hentry"],"jetpack_likes_enabled":true,"jetpack_sharing_enabled":true,"jetpack_shortlink":"https:\/\/wp.me\/PgbXym-fj","jetpack-related-posts":[],"_links":{"self":[{"href":"https:\/\/10percentforall.org\/es\/wp-json\/wp\/v2\/pages\/949","targetHints":{"allow":["GET"]}}],"collection":[{"href":"https:\/\/10percentforall.org\/es\/wp-json\/wp\/v2\/pages"}],"about":[{"href":"https:\/\/10percentforall.org\/es\/wp-json\/wp\/v2\/types\/page"}],"author":[{"embeddable":true,"href":"https:\/\/10percentforall.org\/es\/wp-json\/wp\/v2\/users\/183096425"}],"replies":[{"embeddable":true,"href":"https:\/\/10percentforall.org\/es\/wp-json\/wp\/v2\/comments?post=949"}],"version-history":[{"count":2,"href":"https:\/\/10percentforall.org\/es\/wp-json\/wp\/v2\/pages\/949\/revisions"}],"predecessor-version":[{"id":1459,"href":"https:\/\/10percentforall.org\/es\/wp-json\/wp\/v2\/pages\/949\/revisions\/1459"}],"wp:attachment":[{"href":"https:\/\/10percentforall.org\/es\/wp-json\/wp\/v2\/media?parent=949"}],"wp:term":[{"taxonomy":"resource-category","embeddable":true,"href":"https:\/\/10percentforall.org\/es\/wp-json\/wp\/v2\/resource-category?post=949"}],"curies":[{"name":"wp","href":"https:\/\/api.w.org\/{rel}","templated":true}]}}