{"id":947,"date":"2024-11-22T13:08:45","date_gmt":"2024-11-22T18:08:45","guid":{"rendered":"https:\/\/10percentforall.org\/novedades\/"},"modified":"2025-01-30T12:23:34","modified_gmt":"2025-01-30T17:23:34","slug":"novedades","status":"publish","type":"page","link":"https:\/\/10percentforall.org\/es\/novedades\/","title":{"rendered":"Novedades"},"content":{"rendered":"\n<div class=\"wp-block-group alignfull has-global-padding is-content-justification-center is-layout-constrained wp-container-core-group-is-layout-7cd794a2 wp-block-group-is-layout-constrained\" style=\"margin-top:0;margin-bottom:0;padding-top:calc( 0.5 * var(--wp--style--root--padding-right, var(--wp--custom--gap--horizontal)));padding-right:var(--wp--style--root--padding-right, var(--wp--custom--gap--horizontal));padding-bottom:calc( 0.5 * var(--wp--style--root--padding-right, var(--wp--custom--gap--horizontal)));padding-left:var(--wp--style--root--padding-left, var(--wp--custom--gap--horizontal))\">\n<div style=\"height:calc( 0.25 * var(--wp--style--root--padding-right, var(--wp--custom--gap--horizontal)))\" aria-hidden=\"true\" class=\"wp-block-spacer\"><\/div>\n\n\n\n<div class=\"wp-block-group alignfull has-global-padding is-content-justification-center is-layout-constrained wp-container-core-group-is-layout-7cd794a2 wp-block-group-is-layout-constrained\" style=\"margin-top:0;margin-bottom:0;padding-top:calc( 0.5 * var(--wp--style--root--padding-right, var(--wp--custom--gap--horizontal)));padding-right:var(--wp--style--root--padding-right, var(--wp--custom--gap--horizontal));padding-bottom:calc( 0.5 * var(--wp--style--root--padding-right, var(--wp--custom--gap--horizontal)));padding-left:var(--wp--style--root--padding-left, var(--wp--custom--gap--horizontal))\">\n<h2 class=\"wp-block-heading has-text-align-center\">\u00daltimas actualizaciones<\/h2>\n\n\n\n<p class=\"has-text-align-center wp-block-paragraph\">Bienvenidx a la secci\u00f3n de Novedades de la campa\u00f1a 10% for All. Aqu\u00ed encontrar\u00e1 las noticias, art\u00edculos y avances m\u00e1s recientes sobre nuestra misi\u00f3n de reducir el gasto militar y redirigir los recursos a las comunidades necesitadas.<\/p>\n<\/div>\n<\/div>\n\n\n\n<div class=\"wp-block-group alignfull has-global-padding is-content-justification-center is-layout-constrained wp-container-core-group-is-layout-7cd794a2 wp-block-group-is-layout-constrained\" style=\"margin-top:0;margin-bottom:0;padding-top:calc( 0.5 * var(--wp--style--root--padding-right, var(--wp--custom--gap--horizontal)));padding-right:var(--wp--style--root--padding-right, var(--wp--custom--gap--horizontal));padding-bottom:calc( 0.5 * var(--wp--style--root--padding-right, var(--wp--custom--gap--horizontal)));padding-left:var(--wp--style--root--padding-left, var(--wp--custom--gap--horizontal))\">\n<div data-wp-context=\"{}\" data-wp-interactive=\"core\/query\" data-wp-key=\"9\" data-wp-router-region=\"query-9\" class=\"wp-block-query alignwide is-layout-flow wp-block-query-is-layout-flow\">\n\n\n<div style=\"height:var(--wp--preset--spacing--10)\" aria-hidden=\"true\" class=\"wp-block-spacer\"><\/div>\n\n\n<\/div>\n\n\n\n<div style=\"height:calc( 0.25 * var(--wp--style--root--padding-right, var(--wp--custom--gap--horizontal)))\" aria-hidden=\"true\" class=\"wp-block-spacer\"><\/div>\n<\/div>\n","protected":false},"excerpt":{"rendered":"<p>\u00daltimas actualizaciones Bienvenidx a la secci\u00f3n de Novedades de la campa\u00f1a 10% for All. Aqu\u00ed encontrar\u00e1 las noticias, art\u00edculos y avances m\u00e1s recientes sobre nuestra misi\u00f3n de reducir el gasto militar y redirigir los recursos a las comunidades necesitadas.<\/p>\n","protected":false},"author":183096425,"featured_media":0,"parent":0,"menu_order":0,"comment_status":"closed","ping_status":"closed","template":"","meta":{"_crdt_document":"","advanced_seo_description":"","jetpack_seo_html_title":"","jetpack_seo_noindex":false,"footnotes":""},"resource-category":[],"class_list":["post-947","page","type-page","status-publish","hentry"],"jetpack_likes_enabled":true,"jetpack_sharing_enabled":true,"jetpack_shortlink":"https:\/\/wp.me\/PgbXym-fh","jetpack-related-posts":[],"_links":{"self":[{"href":"https:\/\/10percentforall.org\/es\/wp-json\/wp\/v2\/pages\/947","targetHints":{"allow":["GET"]}}],"collection":[{"href":"https:\/\/10percentforall.org\/es\/wp-json\/wp\/v2\/pages"}],"about":[{"href":"https:\/\/10percentforall.org\/es\/wp-json\/wp\/v2\/types\/page"}],"author":[{"embeddable":true,"href":"https:\/\/10percentforall.org\/es\/wp-json\/wp\/v2\/users\/183096425"}],"replies":[{"embeddable":true,"href":"https:\/\/10percentforall.org\/es\/wp-json\/wp\/v2\/comments?post=947"}],"version-history":[{"count":3,"href":"https:\/\/10percentforall.org\/es\/wp-json\/wp\/v2\/pages\/947\/revisions"}],"predecessor-version":[{"id":996,"href":"https:\/\/10percentforall.org\/es\/wp-json\/wp\/v2\/pages\/947\/revisions\/996"}],"wp:attachment":[{"href":"https:\/\/10percentforall.org\/es\/wp-json\/wp\/v2\/media?parent=947"}],"wp:term":[{"taxonomy":"resource-category","embeddable":true,"href":"https:\/\/10percentforall.org\/es\/wp-json\/wp\/v2\/resource-category?post=947"}],"curies":[{"name":"wp","href":"https:\/\/api.w.org\/{rel}","templated":true}]}}